{"id":2,"date":"2012-12-29T16:46:40","date_gmt":"2012-12-29T16:46:40","guid":{"rendered":"http:\/\/future-mobility-camp.de.dd24918.kasserver.com\/?page_id=2"},"modified":"2013-03-09T15:54:24","modified_gmt":"2013-03-09T13:54:24","slug":"was-ist-ein-hybridbarcamp","status":"publish","type":"page","link":"https:\/\/future-mobility-camp.de\/dresden13\/was-ist-ein-hybridbarcamp\/","title":{"rendered":"About"},"content":{"rendered":"<p>Das Future Mobility Camp 2013 ist eine Konferenz zum Thema Zukunft der Mobilit\u00e4t am 20.04 und 21.04. in Dresden. Wir wollen \u00fcber verschiedenste Themen und Trends des Verkehrssektors diskutieren und uns gegenseitig austauschen.<\/p>\n<p>Die Veranstaltung soll vor dem Hintergrund einer wissenschaftlichen Auseinandersetzung mit dem Thema wirken, allerdings auch den L\u00fcckenschluss zwischen Wissenschaft, Wirtschaft und Gesellschaft schaffen. Zu diesem Zweck ist das Future Mobility Camp als Hybridveranstaltung aus Kolloquium und Barcamp gestaltet, sozusagen ein Hybridbarcamp!<\/p>\n<p>Das Prinzip eines Barcamps ist im Gegensatz zu einer Konferenz, dass die einzelnen Vortragsthemen im Voraus nicht feststehen. Auch wir setzen stark auf die Ideen und kreativen Impulse der Konferenzteilnehmer. Um allerdings ein m\u00f6glichst breites Themenspektrum abdecken zu k\u00f6nnen, haben wir im Vorfeld\u00a0gezielt <a title=\"Liste der angefragten Referenten\" href=\"http:\/\/www.future-mobility-camp.de\/dresden13\/uebersicht-referenten-fmc2013-dresden\/\">Teilnehmer aus Wirtschaft und Wissenschaft<\/a> angesprochen, die zu den Themen intermodale Verkn\u00fcpfung von Personenverkehrsmitteln und -prozessen, Fahrzeugtechnik, Raum- und Verkehrsplanung, Radverkehrsinfrastruktur, Eisenbahn- und \u00d6PNV-Betrieb \/ -Technik einen Beitrag leisten k\u00f6nnen.<\/p>\n<p><strong>Der \u00fcberwiegende Teil der Themenvorschl\u00e4ge soll jedoch von den Teilnehmern selbst stammen.<\/strong>\u00a0Normalerweise ist ein Barcamp im \u00fcbertragenen Sinne eine Art Wundert\u00fcte, bei der niemand im Vorhinein wei\u00df was sich darin befindet. Bei uns ist es etwas anders. Wir wissen, dass wir tolle und interessante Vortr\u00e4ge haben werden. Wir wissen aber auch um die Gefahr, nur in eingetretenen Pfaden zu denken. Daher sind wir sehr gespannt auf die Themen, die im April mit nach Dresden gebracht werden. Und von denen wir noch nichts wissen!<\/p>\n<p>Aus der Verbindung von Fachwissen, neuen und kreativen Ans\u00e4tzen und einer intensiven Diskussion wollen wir Impulse f\u00fcr die Zukunft unserer Mobilit\u00e4t und unserer Gesellschaft setzen.<\/p>\n<p>Durch das Zusammenbringen verschiedenster Menschen k\u00f6nnen wir einen sehr intensiven Austausch \u00fcber aktuelle Entwicklungen und Visionen im Mobilit\u00e4tsbereich schaffen, von dem wir alle ungemein profitieren werden. Werden Sie Teil davon!<\/p>\n<p><strong>Das Future Mobility Camp findet am 20. und am 21. April 2013 in Dresden statt. Eine Teilnahme ist sowohl an beiden Tagen wie auch an nur einem der beiden Tage m\u00f6glich.<\/strong><\/p>\n<p>Wer Lust hat, kann sich <a title=\"Anmeldung zum Future Mobility Camp\" href=\"http:\/\/www.future-mobility-camp.de\/dresden13\/anmeldung\/\">hier f\u00fcr die Teilnahme am ersten Future Mobility Camp anmelden<\/a>.<\/p>\n<h2>Was ist ein Barcamp?<\/h2>\n<p><iframe loading=\"lazy\" src=\"http:\/\/www.youtube.com\/embed\/IQBCsBeWFew?rel=0\" height=\"343\" width=\"610\" allowfullscreen=\"\" frameborder=\"0\"><\/iframe><\/p>\n","protected":false},"excerpt":{"rendered":"<p>Das Future Mobility Camp 2013 ist eine Konferenz zum Thema Zukunft der Mobilit\u00e4t am 20.04 und 21.04. in Dresden. Wir wollen \u00fcber verschiedenste Themen und Trends des Verkehrssektors diskutieren und uns gegenseitig austauschen. Die Veranstaltung soll vor dem Hintergrund einer wissenschaftlichen Auseinandersetzung mit dem Thema wirken, allerdings auch den L\u00fcckenschluss zwischen Wissenschaft, Wirtschaft und Gesellschaft [&hellip;]<\/p>\n","protected":false},"author":1,"featured_media":0,"parent":0,"menu_order":0,"comment_status":"open","ping_status":"open","template":"","meta":{"footnotes":""},"class_list":["post-2","page","type-page","status-publish","hentry"],"_links":{"self":[{"href":"https:\/\/future-mobility-camp.de\/dresden13\/wp-json\/wp\/v2\/pages\/2","targetHints":{"allow":["GET"]}}],"collection":[{"href":"https:\/\/future-mobility-camp.de\/dresden13\/wp-json\/wp\/v2\/pages"}],"about":[{"href":"https:\/\/future-mobility-camp.de\/dresden13\/wp-json\/wp\/v2\/types\/page"}],"author":[{"embeddable":true,"href":"https:\/\/future-mobility-camp.de\/dresden13\/wp-json\/wp\/v2\/users\/1"}],"replies":[{"embeddable":true,"href":"https:\/\/future-mobility-camp.de\/dresden13\/wp-json\/wp\/v2\/comments?post=2"}],"version-history":[{"count":15,"href":"https:\/\/future-mobility-camp.de\/dresden13\/wp-json\/wp\/v2\/pages\/2\/revisions"}],"predecessor-version":[{"id":11,"href":"https:\/\/future-mobility-camp.de\/dresden13\/wp-json\/wp\/v2\/pages\/2\/revisions\/11"}],"wp:attachment":[{"href":"https:\/\/future-mobility-camp.de\/dresden13\/wp-json\/wp\/v2\/media?parent=2"}],"curies":[{"name":"wp","href":"https:\/\/api.w.org\/{rel}","templated":true}]}}