{"id":21,"date":"2012-12-29T20:51:01","date_gmt":"2012-12-29T18:51:01","guid":{"rendered":"http:\/\/future-mobility-camp.de.dd24918.kasserver.com\/?page_id=21"},"modified":"2013-03-25T23:23:52","modified_gmt":"2013-03-25T21:23:52","slug":"anmeldung","status":"publish","type":"page","link":"https:\/\/future-mobility-camp.de\/dresden13\/anmeldung\/","title":{"rendered":"Anmeldung"},"content":{"rendered":"<p>F\u00fcr das Future Mobility Camp 2013 steht ein Kontingent von 250 Teilnehmern \/ Tag zur Verf\u00fcgung. Neben Zwei-Tages-Tickets ist auch die Anmeldung f\u00fcr Samstag ODER Sonntag m\u00f6glich.\u00a0Die Pl\u00e4tze werden nach Reihenfolge der Anmeldung vergeben.<\/p>\n<p>Die Anmeldung ist so lange ge\u00f6ffnet, bis alle Pl\u00e4tze vergeben sind. Sollten Sie zun\u00e4chst keinen Platz erhalten, bleiben Sie weiterhin auf der Warteliste. Sollte ein Teilnehmer \/ eine Teilnehmerin bis zum 17.04.2013 absagen, rutscht der n\u00e4chste auf der Warteliste nach.<\/p>\n<p><strong>Die Teilnahme ist kostenlos! Eine &#8222;Bezahlung&#8220;, wie im Anmeldeformular angegeben, ist nicht notwendig, da der Ticketpreis 0 Euro betr\u00e4gt. Der Satz kann leider nicht entfernt werden.<\/strong><\/p>\n<p><script type=\"text\/javascript\" src=\"https:\/\/de.amiando.com\/resources\/js\/amiandoExport.js\"><\/script><iframe loading=\"lazy\" id=\"_amiandoIFrame1809208RNpDgaFr\" name=\"_amiandoIFrame1809208RNpDgaFr\" src=\"https:\/\/de.amiando.com\/FMC2013-DD.html?viewType=iframe&amp;distributionChannel=CHANNEL_IFRAME&amp;panelId=1809208&amp;useDefaults=false&amp;resizeIFrame=true\" height=\"450\" width=\"650\" frameborder=\"0\"><\/iframe><\/p>\n<p style=\"text-align: left; font-size: 10px;\"><a title=\"Konferenz - Online Event Management\" href=\"http:\/\/de.amiando.com\" target=\"_blank\">Konferenz &#8211; Online Event Management<\/a> mit Ticketing L\u00f6sung von amiando<\/p>\n","protected":false},"excerpt":{"rendered":"<p>F\u00fcr das Future Mobility Camp 2013 steht ein Kontingent von 250 Teilnehmern \/ Tag zur Verf\u00fcgung. Neben Zwei-Tages-Tickets ist auch die Anmeldung f\u00fcr Samstag ODER Sonntag m\u00f6glich.\u00a0Die Pl\u00e4tze werden nach Reihenfolge der Anmeldung vergeben. Die Anmeldung ist so lange ge\u00f6ffnet, bis alle Pl\u00e4tze vergeben sind. Sollten Sie zun\u00e4chst keinen Platz erhalten, bleiben Sie weiterhin auf [&hellip;]<\/p>\n","protected":false},"author":1,"featured_media":0,"parent":0,"menu_order":0,"comment_status":"open","ping_status":"open","template":"","meta":{"footnotes":""},"class_list":["post-21","page","type-page","status-publish","hentry"],"_links":{"self":[{"href":"https:\/\/future-mobility-camp.de\/dresden13\/wp-json\/wp\/v2\/pages\/21","targetHints":{"allow":["GET"]}}],"collection":[{"href":"https:\/\/future-mobility-camp.de\/dresden13\/wp-json\/wp\/v2\/pages"}],"about":[{"href":"https:\/\/future-mobility-camp.de\/dresden13\/wp-json\/wp\/v2\/types\/page"}],"author":[{"embeddable":true,"href":"https:\/\/future-mobility-camp.de\/dresden13\/wp-json\/wp\/v2\/users\/1"}],"replies":[{"embeddable":true,"href":"https:\/\/future-mobility-camp.de\/dresden13\/wp-json\/wp\/v2\/comments?post=21"}],"version-history":[{"count":16,"href":"https:\/\/future-mobility-camp.de\/dresden13\/wp-json\/wp\/v2\/pages\/21\/revisions"}],"predecessor-version":[{"id":24,"href":"https:\/\/future-mobility-camp.de\/dresden13\/wp-json\/wp\/v2\/pages\/21\/revisions\/24"}],"wp:attachment":[{"href":"https:\/\/future-mobility-camp.de\/dresden13\/wp-json\/wp\/v2\/media?parent=21"}],"curies":[{"name":"wp","href":"https:\/\/api.w.org\/{rel}","templated":true}]}}