{"id":56,"date":"2013-03-02T00:41:55","date_gmt":"2013-03-01T22:41:55","guid":{"rendered":"http:\/\/future-mobility-camp.de\/?page_id=56"},"modified":"2018-05-29T00:33:06","modified_gmt":"2018-05-28T22:33:06","slug":"impressum","status":"publish","type":"page","link":"https:\/\/future-mobility-camp.de\/dresden13\/impressum\/","title":{"rendered":"Impressum \/ Datenschutz"},"content":{"rendered":"<p>Diese Webseite ist ein publizistisches Angebot von:<\/p>\n<p>Martin Randelhoff<br \/>\nAm Surck 29<br \/>\n44225 Dortmund<\/p>\n<p>kontakt [at] zukunft-mobilitaet [dot] net<\/p>\n<p>Telefon: +49 (0)351 \/ 41880449 (voicebox only!)<\/p>\n<p>Inhaltlich Verantwortlicher gem\u00e4\u00df \u00a7 55 Absatz 2 RSt, \u00a75 TMG: Martin Randelhoff<br \/>\n(Anschrift wie oben)<\/p>\n<p><a href=\"http:\/\/future-mobility-camp.de\/blog\/datenschutzerklaerung\/\"><strong>Datenschutzerkl\u00e4rung<\/strong><\/a><\/p>\n<p><strong>Haftungsausschluss<\/strong><\/p>\n<p>1. Inhalt des Onlineangebotes<br \/>\nVerantwortlich f\u00fcr die Inhalte sind die jeweiligen AutorInnen. Die Meinungen der AutorInnen sind nicht zwingend die Meinung des ganzen Teams. Die AutorInnen \u00fcbernehmen keinerlei Gew\u00e4hr f\u00fcr die Aktualit\u00e4t, Korrektheit, Vollst\u00e4ndigkeit oder Qualit\u00e4t der bereitgestellten Informationen. Haftungsanspr\u00fcche gegen die AutorInnen, welche sich auf Sch\u00e4den materieller oder ideeller Art beziehen, die durch die Nutzung oder Nichtnutzung der dargebotenen Informationen bzw. durch die Nutzung fehlerhafter und unvollst\u00e4ndiger Informationen verursacht wurden, sind grunds\u00e4tzlich ausgeschlossen, sofern seitens der AutorInnen kein nachweislich vors\u00e4tzliches oder grob fahrl\u00e4ssiges Verschulden vorliegt. Alle Angebote sind freibleibend und unverbindlich. Die AutorInnen behalten es sich ausdr\u00fccklich vor, Teile der Seiten oder das gesamte Angebot ohne gesonderte Ank\u00fcndigung zu ver\u00e4ndern, zu erg\u00e4nzen, zu l\u00f6schen oder die Ver\u00f6ffentlichung zeitweise oder endg\u00fcltig einzustellen.<\/p>\n<p>2. Verweise und Links<br \/>\nBei direkten oder indirekten Verweisen auf fremde Webseiten (\u201cHyperlinks\u201d), die au\u00dferhalb des Verantwortungsbereiches der AutorInnen liegen, w\u00fcrde eine Haftungsverpflichtung ausschlie\u00dflich in dem Fall in Kraft treten, in dem die AutorInnen von den Inhalten Kenntnis haben und es ihnen technisch m\u00f6glich und zumutbar w\u00e4re, die Nutzung im Falle rechtswidriger Inhalte zu verhindern. Die AutorInnen erkl\u00e4ren hiermit ausdr\u00fccklich, dass zum Zeitpunkt der Linksetzung keine illegalen Inhalte auf den zu verlinkenden Seiten erkennbar waren. Auf die aktuelle und zuk\u00fcnftige Gestaltung, die Inhalte oder die Urheberschaft der gelinkten\/verkn\u00fcpften Seiten haben die AutorInnen keinerlei Einfluss. Deshalb distanzieren sie sich hiermit ausdr\u00fccklich von allen Inhalten aller gelinkten \/verkn\u00fcpften Seiten, die nach der Linksetzung ver\u00e4ndert wurden. Diese Feststellung gilt f\u00fcr alle innerhalb des eigenen Internetangebotes gesetzten Links und Verweise. F\u00fcr illegale, fehlerhafte oder unvollst\u00e4ndige Inhalte und insbesondere f\u00fcr Sch\u00e4den, die aus der Nutzung oder Nichtnutzung solcherart dargebotener Informationen entstehen, haftet allein der Anbieter der Seite, auf welche verwiesen wurde, nicht derjenige, der \u00fcber Links auf die jeweilige Ver\u00f6ffentlichung lediglich verweist.<\/p>\n<p>3. Urheber- und Kennzeichenrecht<br \/>\nDie AutorInnen sind bestrebt, in allen Publikationen die Urheberrechte der verwendeten Grafiken, Tondokumente, Videosequenzen und Texte zu beachten, von ihnen selbst erstellte Grafiken, Tondokumente, Videosequenzen und Texte zu nutzen oder auf lizenzfreie Grafiken, Tondokumente, Videosequenzen und Texte zur\u00fcckzugreifen. Alle innerhalb des Internetangebotes genannten und ggf. durch Dritte gesch\u00fctzten Marken- und Warenzeichen unterliegen uneingeschr\u00e4nkt den Bestimmungen des jeweils g\u00fcltigen Kennzeichenrechts und den Besitzrechten der jeweiligen eingetragenen Eigent\u00fcmer. Allein aufgrund der blo\u00dfen Nennung ist nicht der Schluss zu ziehen, dass Markenzeichen nicht durch Rechte Dritter gesch\u00fctzt sind! Bitte achten Sie besonders auf die m\u00f6glicherweise unterschiedlichen Lizenzen und Urheberechte von Fotografien, Statistiken und anderen Bilddateien, die in vielen F\u00e4llen nicht bei uns liegen.<\/p>\n<p>4. Hinweise zur Kommentarfunktion<br \/>\nF\u00fcr die Kommentare zeichnen die jeweiligen Verfasser verantwortlich. Im Sinne einer zivilisierten Diskussion behalten wir uns vor, Beitr\u00e4ge zu editieren oder im Extremfall zu l\u00f6schen. Eine intensive und lebhafte Diskussion ist zwar erw\u00fcnscht, allerdings bitten wir von Beleidigungen Abstand zu nehmen. Werbung oder Verlinkungen auf kommerzielle Angebote innerhalb der Kommentare sind untersagt.<\/p>\n<p>5. Rechtswirksamkeit dieses Haftungsausschlusses<br \/>\nDieser Haftungsausschluss ist als Teil des Internetangebotes zu betrachten, von dem aus auf diese Seite verwiesen wurde. Sofern Teile oder einzelne Formulierungen dieses Textes der geltenden Rechtslage nicht, nicht mehr oder nicht vollst\u00e4ndig entsprechen sollten, bleiben die \u00fcbrigen Teile des Dokumentes in ihrem Inhalt und ihrer G\u00fcltigkeit davon unber\u00fchrt.<\/p>\n","protected":false},"excerpt":{"rendered":"<p>Diese Webseite ist ein publizistisches Angebot von: Martin Randelhoff Am Surck 29 44225 Dortmund kontakt [at] zukunft-mobilitaet [dot] net Telefon: +49 (0)351 \/ 41880449 (voicebox only!) Inhaltlich Verantwortlicher gem\u00e4\u00df \u00a7 55 Absatz 2 RSt, \u00a75 TMG: Martin Randelhoff (Anschrift wie oben) Datenschutzerkl\u00e4rung Haftungsausschluss 1. Inhalt des Onlineangebotes Verantwortlich f\u00fcr die Inhalte sind die jeweiligen AutorInnen. [&hellip;]<\/p>\n","protected":false},"author":1,"featured_media":0,"parent":0,"menu_order":0,"comment_status":"open","ping_status":"open","template":"","meta":{"footnotes":""},"class_list":["post-56","page","type-page","status-publish","hentry"],"_links":{"self":[{"href":"https:\/\/future-mobility-camp.de\/dresden13\/wp-json\/wp\/v2\/pages\/56","targetHints":{"allow":["GET"]}}],"collection":[{"href":"https:\/\/future-mobility-camp.de\/dresden13\/wp-json\/wp\/v2\/pages"}],"about":[{"href":"https:\/\/future-mobility-camp.de\/dresden13\/wp-json\/wp\/v2\/types\/page"}],"author":[{"embeddable":true,"href":"https:\/\/future-mobility-camp.de\/dresden13\/wp-json\/wp\/v2\/users\/1"}],"replies":[{"embeddable":true,"href":"https:\/\/future-mobility-camp.de\/dresden13\/wp-json\/wp\/v2\/comments?post=56"}],"version-history":[{"count":4,"href":"https:\/\/future-mobility-camp.de\/dresden13\/wp-json\/wp\/v2\/pages\/56\/revisions"}],"predecessor-version":[{"id":244,"href":"https:\/\/future-mobility-camp.de\/dresden13\/wp-json\/wp\/v2\/pages\/56\/revisions\/244"}],"wp:attachment":[{"href":"https:\/\/future-mobility-camp.de\/dresden13\/wp-json\/wp\/v2\/media?parent=56"}],"curies":[{"name":"wp","href":"https:\/\/api.w.org\/{rel}","templated":true}]}}