{"id":9,"date":"2012-12-29T19:14:51","date_gmt":"2012-12-29T17:14:51","guid":{"rendered":"http:\/\/future-mobility-camp.de.dd24918.kasserver.com\/?page_id=9"},"modified":"2013-03-31T13:45:58","modified_gmt":"2013-03-31T11:45:58","slug":"veranstaltungsort","status":"publish","type":"page","link":"https:\/\/future-mobility-camp.de\/dresden13\/veranstaltungsort\/","title":{"rendered":"Veranstaltungsort"},"content":{"rendered":"<p>Das Future Mobility Camp 2013 findet in der Informatik Fakult\u00e4t der Technischen Universit\u00e4t Dresden statt. Vier verschiedene Vortragsr\u00e4ume und das Foyer bieten ausreichend Raum zum Wissensaustausch und Kennenlernen.<\/p>\n<div id=\"attachment_16\" style=\"width: 620px\" class=\"wp-caption aligncenter\"><img loading=\"lazy\" decoding=\"async\" aria-describedby=\"caption-attachment-16\" class=\"size-full wp-image-16\" alt=\"Informatik Fakult\u00e4t TU Dresden\" src=\"http:\/\/www.future-mobility-camp.de\/dresden13.dd24918.kasserver.com\/wp-content\/uploads\/2012\/12\/informatik-fakultaet-tu-dresden.png\" width=\"610\" height=\"407\" \/><p id=\"caption-attachment-16\" class=\"wp-caption-text\">Fakult\u00e4t Informatik der TU Dresden &#8211; <a title=\"Bild auf Flickr\" href=\"http:\/\/www.flickr.com\/photos\/philippgoetze\/5151587127\/sizes\/l\/\">Philipp G\u00f6tze @ Flickr<\/a> &#8211; <a title=\"Creative Commons\" href=\"http:\/\/creativecommons.org\/licenses\/by-nc-nd\/2.0\/\">CC BY-NC-ND 2.0<\/a><\/p><\/div>\n<p>Die Informatik-Fakult\u00e4t befindet sich in der\u00a0<strong>N\u00f6thnitzer Stra\u00dfe\u00a046, 01187 Dresden<\/strong>.<br \/>\n<iframe loading=\"lazy\" src=\"https:\/\/maps.google.de\/maps?q=N%C3%B6thnitzer+Str.+46,+01187+Dresden,+Germany+(TU+Dresden+Fakult%C3%A4t+Informatik)&amp;ie=UTF8&amp;hq=&amp;hnear=N%C3%B6thnitzer+Stra%C3%9Fe+46,+01187+Dresden,+Sachsen&amp;gl=de&amp;t=h&amp;ll=51.031571,13.73291&amp;spn=0.021591,0.052271&amp;z=14&amp;iwloc=A&amp;output=embed\" height=\"400\" width=\"610\" frameborder=\"0\" marginwidth=\"0\" marginheight=\"0\" scrolling=\"no\"><\/iframe><br \/>\n<small><a style=\"color: #0000ff; text-align: left;\" href=\"https:\/\/maps.google.de\/maps?q=N%C3%B6thnitzer+Str.+46,+01187+Dresden,+Germany+(TU+Dresden+Fakult%C3%A4t+Informatik)&amp;ie=UTF8&amp;hq=&amp;hnear=N%C3%B6thnitzer+Stra%C3%9Fe+46,+01187+Dresden,+Sachsen&amp;gl=de&amp;t=h&amp;ll=51.031571,13.73291&amp;spn=0.021591,0.052271&amp;z=14&amp;iwloc=A&amp;source=embed\">Gr\u00f6\u00dfere Kartenansicht<\/a><\/small><\/p>\n<h2>Anreise mit dem \u00d6PNV<\/h2>\n<p>Die Informatik-Fakult\u00e4t ist mit der Stra\u00dfenbahnlinie 3 oder der Buslinie 85 zu erreichen. Die\u00a0Stra\u00dfenbahnlinie 3 (Richtung Cosch\u00fctz) f\u00fchrt direkt vom Dresdner Hauptbahnhof zur Fakult\u00e4t. Fahren Sie bis zur Haltestelle &#8222;M\u00fcnchner Platz&#8220; und\u00a0laufen die &#8222;Georg-Schumann-Stra\u00dfe&#8220; bergauf (entgegen der Ausstiegsseite der Stra\u00dfenbahn)\u00a0bis zur &#8222;N\u00f6thnitzer Stra\u00dfe&#8220;. Das Fakult\u00e4tsgeb\u00e4ude befindet sich auf der gegen\u00fcberliegenden Stra\u00dfenseite.<\/p>\n<p>Die Haltestelle Helmhotzstra\u00dfe der Buslinie 85 befindet sich direkt vor dem Geb\u00e4ude der Fakult\u00e4t.<\/p>\n<h2>Anreise mit dem Pkw<\/h2>\n<p>F\u00fcr die Anreise per Auto verlassen Sie die A4 am Dreieck Dresden-West und fahren die A17 in Richtung Prag. Verlassen Sie die A17 an der Ausfahrt Dresden-S\u00fcdvorstadt und folgen Sie der B170 stadteinw\u00e4rts. Am Verkehrsschild &#8222;Plauen&#8220; biegen Sie links in die N\u00f6thnitzer Stra\u00dfe ein. Das Fakult\u00e4tsgeb\u00e4ude befindet sich auf der linken Seite.<\/p>\n<h2>Anreise mit dem Zug<\/h2>\n<p>Buchen Sie ihre Fahrkarte bis Dresden Hauptbahnhof und fahren Sie dann mit der Stra\u00dfenbahnlinie 3 drei Stationen in Richtung Cosch\u00fctz bis zur Haltestelle M\u00fcnchner Platz. Laufen Sie dann die &#8222;Georg-Schumann-Stra\u00dfe&#8220; (entgegen der Ausstiegsseite der Stra\u00dfenbahn) bergauf bis zur &#8222;N\u00f6thnitzer Stra\u00dfe&#8220;. Das Fakult\u00e4tsgeb\u00e4ude befindet sich auf der gegen\u00fcberliegenden Stra\u00dfenseite.<\/p>\n<p>F\u00fcr Bahncard-Besitzer, die mit dem Fernverkehr mehr als 100 Kilometer fahren, k\u00f6nnen durch die City-Option kostenfrei mit den Dresdner Verkehrsbetrieben zum Veranstalungsort anreisen.<\/p>\n<p>Achtung! Das Sachsenticket ist bei der DVB (Stra\u00dfenbahn, Bus) <strong>nicht<\/strong> g\u00fcltig!<\/p>\n<h2>Anreise mit dem Fernbus<\/h2>\n<p>Buchen Sie ihre Fahrkarte bis Dresden Hauptbahnhof. Die Fernbushaltestelle befindet sich in der Bayerischen Stra\u00dfe hinter dem Hauptbahnhof. Die Stra\u00dfenbahnhaltestelle befindet sich an der Strinseite des Hauptbahnhofs. Fahren Sie dann mit der Stra\u00dfenbahnlinie 3 drei Stationen in Richtung Cosch\u00fctz bis zur Haltestelle M\u00fcnchner Platz. Laufen Sie dann die &#8222;Georg-Schumann-Stra\u00dfe&#8220; (entgegen der Ausstiegsseite der Stra\u00dfenbahn) bergauf bis zur &#8222;N\u00f6thnitzer Stra\u00dfe&#8220;. Das Fakult\u00e4tsgeb\u00e4ude befindet sich auf der gegen\u00fcberliegenden Stra\u00dfenseite.<\/p>\n<h2>Anreise mit dem Flugzeug<\/h2>\n<p>Vom Flughafen fahren Sie mit der S-Bahn Linie 2 (Abfahrt im Keller des Terminals; der Zug beginnt dort) bis zum Hauptbahnhof. An der Stirnseite des Bahnh\u00f6fsgeb\u00e4udes steigen Sie anschlie\u00dfend in die Stra\u00dfenbahn Linie 3 und fahren drei Stationen Richtung Cosch\u00fctz bis zur Haltestelle M\u00fcnchner Platz. Laufen Sie dann die &#8222;Georg-Schumann-Stra\u00dfe&#8220; (entgegen der Ausstiegsseite der Stra\u00dfenbahn) bergauf bis zur &#8222;N\u00f6thnitzer Stra\u00dfe&#8220;. Das Fakult\u00e4tsgeb\u00e4ude befindet sich auf der gegen\u00fcberliegenden Stra\u00dfenseite.<\/p>\n<h2>Anreise per Carsharing<\/h2>\n<p>Direkt am Hauptbahnhof stehen Ihnen in der Bayerischen Stra\u00dfe zwei Elektrofahrzeuge des lokalen Carsharinganbieters samt Elektrotankstelle zur Verf\u00fcgung.<\/p>\n<h2>Anreise per Carpooling<\/h2>\n<p>Lassen Sie sich am Hauptbahnhof absetzen und nutzen Sie von dessen Stirnseite die Stra\u00dfenbahnlinie 3. Fahren Sie mit ihr drei Stationen in Richtung Cosch\u00fctz bis zur Haltestelle M\u00fcnchner Platz. Laufen Sie dann die &#8222;Georg-Schumann-Stra\u00dfe&#8220; (entgegen der Ausstiegsseite der Stra\u00dfenbahn) bergauf bis zur &#8222;N\u00f6thnitzer Stra\u00dfe&#8220;. Das Fakult\u00e4tsgeb\u00e4ude befindet sich auf der gegen\u00fcberliegenden Stra\u00dfenseite.<\/p>\n<h2>Anreise mit dem Rad<\/h2>\n<p>Am Fakult\u00e4tsgeb\u00e4ude stehen zahlreiche \u00fcberdachte Fahrradstellpl\u00e4tze zur Verf\u00fcgung. Am Hauptbahnhof k\u00f6nnen zudem R\u00e4der entliehen werden. Die Wegstrecke vom Bahnhof zum Veranstaltungsort k\u00f6nnen Sie der obigen Karte entnehmen. Bis zum N\u00fcrnberger Platz ist zudem ein Fahrradweg vorhanden. Von dort k\u00f6nnen Sie \u00fcber die Hettner-, George-B\u00e4hr- und Helmholtzstra\u00dfe unter \u00dcberwindung eines kurzen Anstieges das Geb\u00e4ude erreichen.<\/p>\n<h1>\u00dcbernachtung in Dresden<\/h1>\n<p>In Dresden stehen diverse \u00dcbernachtungsm\u00f6glichkeiten zur Verf\u00fcgung. Eine \u00dcbersicht l\u00e4sst sich beispielsweise bei Expedia gewinnen:<\/p>\n<div id='searchform_635003307371504026'><\/div>\n<p><script type='text\/javascript' src='http:\/\/widgets.partners.expedia.de\/daily\/shared\/affiliates\/WidgetService.aspx?partner=tdany&#038;s_id=2254529&#038;p_id=10928&#038;g=19886688&#038;size=300x250&#038;products=hotels%2cactivities&#038;defaultsearch=Dresden+(und+Umgebung)%2c+Deutschland&#038;widgetname=searchform&#038;divid=searchform_635003307371504026&#038;langid=1031'><\/script><\/p>\n<p>Hier in loser Reihenfolge noch einige weitere preisg\u00fcnstige Angebote:<\/p>\n<p><div class='et-learn-more clearfix'>\n\t\t\t\t\t<h3 class='heading-more'>Jugendherberge Rudi Arndt<span class='et_learnmore_arrow'><span><\/span><\/span><\/h3>\n\t\t\t\t\t<div class='learn-more-content'>\u00dcbernachtungen ab 19 Euro \/\/\nEntfernung zum Veranstaltungsort: ca. 1 km<\/p>\n<p><a title=\"Link zur Jugendherberge\" href=\"http:\/\/www.jh-rudiarndt.de\" target=\"_blank\">http:\/\/www.jh-rudiarndt.de<\/a><\/div>\n\t\t\t\t<\/div><br \/>\n<div class='et-learn-more clearfix'>\n\t\t\t\t\t<h3 class='heading-more'>A&amp;O Hostel Dresden<span class='et_learnmore_arrow'><span><\/span><\/span><\/h3>\n\t\t\t\t\t<div class='learn-more-content'>\u00dcbernachtungen ab 10 Euro \/\/\nEntfernung zum Veranstaltungsort: ca. 2,5 km<\/p>\n<p><a title=\"Link zum Hostel\" href=\"http:\/\/www.aohostels.com\/de\/dresden\/\" target=\"_blank\">http:\/\/www.aohostels.com\/de\/dresden\/<\/a><\/div>\n\t\t\t\t<\/div><br \/>\n<div class='et-learn-more clearfix'>\n\t\t\t\t\t<h3 class='heading-more'>Jugendherberge \/ Jugendg\u00e4stehaus Dresden<span class='et_learnmore_arrow'><span><\/span><\/span><\/h3>\n\t\t\t\t\t<div class='learn-more-content'>\u00dcbernachtungen ab 21,50 Euro \/\/\nEntfernung zum Veranstaltungsort: ca. 3,5 km<\/p>\n<p><a title=\"Link zur Jugendherberge\" href=\"http:\/\/www.jugendherberge-sachsen.de\/index.php?id=237\" target=\"_blank\">Jugendg\u00e4stehaus Dresden<\/a><\/div>\n\t\t\t\t<\/div><br \/>\n<div class='et-learn-more clearfix'>\n\t\t\t\t\t<h3 class='heading-more'>Cityherberge Dresden<span class='et_learnmore_arrow'><span><\/span><\/span><\/h3>\n\t\t\t\t\t<div class='learn-more-content'>\u00dcbernachtungen ab 16 Euro \/\/\nEntfernung zum Veranstaltungsort: ca. 4 km\nDirekter Zugang zur Stra\u00dfenbahnlinie 3<\/p>\n<p><a title=\"City Herberge Dresden\" href=\"http:\/\/www.cityherberge.de\/\">http:\/\/www.cityherberge.de\/<\/a><a title=\"City Herberge Dresden\" href=\"http:\/\/www.cityherberge.de\/\">\n<\/a><\/div>\n\t\t\t\t<\/div><br \/>\n<div class='et-learn-more clearfix'>\n\t\t\t\t\t<h3 class='heading-more'>Ibis Hotels Dresden<span class='et_learnmore_arrow'><span><\/span><\/span><\/h3>\n\t\t\t\t\t<div class='learn-more-content'>\u00dcbernachtungen ab 55 Euro \/\/\nEntfernung zum Veranstaltungsort: ca. 2,5 km\nLeichter Zugang zur Stra\u00dfenbahnlinie 3<\/p>\n<p><a title=\"IBIS Dresden\" href=\"http:\/\/www.ibis-dresden.de\">http:\/\/www.ibis-dresden.de\n<\/a><\/div>\n\t\t\t\t<\/div><br \/>\n<div class='et-learn-more clearfix'>\n\t\t\t\t\t<h3 class='heading-more'>Lollis Homestay<span class='et_learnmore_arrow'><span><\/span><\/span><\/h3>\n\t\t\t\t\t<div class='learn-more-content'>\u00dcbernachtungen ab 14 Euro \/\/\nEntfernung zum Veranstaltungsort: ca. 6 km<\/p>\n<p><a title=\"Link zum Hostel\" href=\"http:\/\/www.lollishome.de\/\" target=\"_blank\">http:\/\/www.lollishome.de\/<\/a><\/div>\n\t\t\t\t<\/div><\/p>\n<p>Das bekannte Dresdner Herbergsschiff <a title=\"Herbergsschiff Die Koje\" href=\"http:\/\/www.diekoje.de\/\" target=\"_blank\">&#8222;Die Koje&#8220;<\/a> hat leider letztes Jahr seinen Betrieb eingestellt.<\/p>\n","protected":false},"excerpt":{"rendered":"<p>Das Future Mobility Camp 2013 findet in der Informatik Fakult\u00e4t der Technischen Universit\u00e4t Dresden statt. Vier verschiedene Vortragsr\u00e4ume und das Foyer bieten ausreichend Raum zum Wissensaustausch und Kennenlernen. Die Informatik-Fakult\u00e4t befindet sich in der\u00a0N\u00f6thnitzer Stra\u00dfe\u00a046, 01187 Dresden. Gr\u00f6\u00dfere Kartenansicht Anreise mit dem \u00d6PNV Die Informatik-Fakult\u00e4t ist mit der Stra\u00dfenbahnlinie 3 oder der Buslinie 85 zu [&hellip;]<\/p>\n","protected":false},"author":1,"featured_media":0,"parent":0,"menu_order":0,"comment_status":"open","ping_status":"open","template":"","meta":{"footnotes":""},"class_list":["post-9","page","type-page","status-publish","hentry"],"_links":{"self":[{"href":"https:\/\/future-mobility-camp.de\/dresden13\/wp-json\/wp\/v2\/pages\/9","targetHints":{"allow":["GET"]}}],"collection":[{"href":"https:\/\/future-mobility-camp.de\/dresden13\/wp-json\/wp\/v2\/pages"}],"about":[{"href":"https:\/\/future-mobility-camp.de\/dresden13\/wp-json\/wp\/v2\/types\/page"}],"author":[{"embeddable":true,"href":"https:\/\/future-mobility-camp.de\/dresden13\/wp-json\/wp\/v2\/users\/1"}],"replies":[{"embeddable":true,"href":"https:\/\/future-mobility-camp.de\/dresden13\/wp-json\/wp\/v2\/comments?post=9"}],"version-history":[{"count":16,"href":"https:\/\/future-mobility-camp.de\/dresden13\/wp-json\/wp\/v2\/pages\/9\/revisions"}],"predecessor-version":[{"id":149,"href":"https:\/\/future-mobility-camp.de\/dresden13\/wp-json\/wp\/v2\/pages\/9\/revisions\/149"}],"wp:attachment":[{"href":"https:\/\/future-mobility-camp.de\/dresden13\/wp-json\/wp\/v2\/media?parent=9"}],"curies":[{"name":"wp","href":"https:\/\/api.w.org\/{rel}","templated":true}]}}